{"id":832,"date":"2021-12-03T13:53:07","date_gmt":"2021-12-03T13:53:07","guid":{"rendered":"https:\/\/www.dk-seasafety.com\/?page_id=832"},"modified":"2023-06-01T15:29:01","modified_gmt":"2023-06-01T13:29:01","slug":"salgsbetingelser","status":"publish","type":"page","link":"https:\/\/www.dk-seasafety.com\/en\/salgsbetingelser\/","title":{"rendered":"Sales conditions"},"content":{"rendered":"<div data-elementor-type=\"wp-post\" data-elementor-id=\"832\" class=\"elementor elementor-832\" data-elementor-post-type=\"page\">\n\t\t\t\t\t\t<section class=\"elementor-section elementor-top-section elementor-element elementor-element-ccb8775 elementor-section-height-min-height elementor-section-boxed elementor-section-height-default elementor-section-items-middle\" data-id=\"ccb8775\" data-element_type=\"section\" data-e-type=\"section\" data-settings=\"{&quot;background_background&quot;:&quot;classic&quot;}\">\n\t\t\t\t\t\t<div class=\"elementor-container elementor-column-gap-default\">\n\t\t\t\t\t<div class=\"elementor-column elementor-col-100 elementor-top-column elementor-element elementor-element-113ffc8a\" data-id=\"113ffc8a\" data-element_type=\"column\" data-e-type=\"column\">\n\t\t\t<div class=\"elementor-widget-wrap elementor-element-populated\">\n\t\t\t\t\t\t<div class=\"elementor-element elementor-element-cae9412 elementor-widget elementor-widget-heading\" data-id=\"cae9412\" data-element_type=\"widget\" data-e-type=\"widget\" data-widget_type=\"heading.default\">\n\t\t\t\t<div class=\"elementor-widget-container\">\n\t\t\t\t\t<h2 class=\"elementor-heading-title elementor-size-default\">Her finder du vores generelle<\/h2>\t\t\t\t<\/div>\n\t\t\t\t<\/div>\n\t\t\t\t<div class=\"elementor-element elementor-element-d8fd35f elementor-widget elementor-widget-heading\" data-id=\"d8fd35f\" data-element_type=\"widget\" data-e-type=\"widget\" data-widget_type=\"heading.default\">\n\t\t\t\t<div class=\"elementor-widget-container\">\n\t\t\t\t\t<h1 class=\"elementor-heading-title elementor-size-default\">Sales conditions<\/h1>\t\t\t\t<\/div>\n\t\t\t\t<\/div>\n\t\t\t\t\t<\/div>\n\t\t<\/div>\n\t\t\t\t\t<\/div>\n\t\t<\/section>\n\t\t\t\t<section class=\"elementor-section elementor-top-section elementor-element elementor-element-5b340043 elementor-section-boxed elementor-section-height-default elementor-section-height-default\" data-id=\"5b340043\" data-element_type=\"section\" data-e-type=\"section\">\n\t\t\t\t\t\t<div class=\"elementor-container elementor-column-gap-default\">\n\t\t\t\t\t<div class=\"elementor-column elementor-col-50 elementor-top-column elementor-element elementor-element-125fb1fe\" data-id=\"125fb1fe\" data-element_type=\"column\" data-e-type=\"column\">\n\t\t\t<div class=\"elementor-widget-wrap elementor-element-populated\">\n\t\t\t\t\t\t<div class=\"elementor-element elementor-element-2dc889ce elementor-widget elementor-widget-heading\" data-id=\"2dc889ce\" data-element_type=\"widget\" data-e-type=\"widget\" data-widget_type=\"heading.default\">\n\t\t\t\t<div class=\"elementor-widget-container\">\n\t\t\t\t\t<h4 class=\"elementor-heading-title elementor-size-default\">Enkle aftaler<\/h4>\t\t\t\t<\/div>\n\t\t\t\t<\/div>\n\t\t\t\t<div class=\"elementor-element elementor-element-1fec25f5 elementor-widget elementor-widget-heading\" data-id=\"1fec25f5\" data-element_type=\"widget\" data-e-type=\"widget\" data-widget_type=\"heading.default\">\n\t\t\t\t<div class=\"elementor-widget-container\">\n\t\t\t\t\t<h2 class=\"elementor-heading-title elementor-size-default\">Vi g\u00f8r det nemt<\/h2>\t\t\t\t<\/div>\n\t\t\t\t<\/div>\n\t\t\t\t\t<\/div>\n\t\t<\/div>\n\t\t\t\t<div class=\"elementor-column elementor-col-50 elementor-top-column elementor-element elementor-element-b465293\" data-id=\"b465293\" data-element_type=\"column\" data-e-type=\"column\">\n\t\t\t<div class=\"elementor-widget-wrap elementor-element-populated\">\n\t\t\t\t\t\t<div class=\"elementor-element elementor-element-e88d347 elementor-widget elementor-widget-text-editor\" data-id=\"e88d347\" data-element_type=\"widget\" data-e-type=\"widget\" data-widget_type=\"text-editor.default\">\n\t\t\t\t<div class=\"elementor-widget-container\">\n\t\t\t\t\t\t\t\t\t<p><strong>Nedenst\u00e5ende salgs- og leveringsbetingelser g\u00e6lder for alle leverancer fra DK- Sea Safety A\/S.<\/strong><\/p><p><strong>Betingelserne g\u00e6lder i tilf\u00e6lde, hvor der ikke er indg\u00e5et andre skriftlige aftaler mellem dig som k\u00f8ber og DK-Sea Safety A\/S.<\/strong><\/p>\t\t\t\t\t\t\t\t<\/div>\n\t\t\t\t<\/div>\n\t\t\t\t\t<\/div>\n\t\t<\/div>\n\t\t\t\t\t<\/div>\n\t\t<\/section>\n\t\t\t\t<section class=\"elementor-section elementor-top-section elementor-element elementor-element-6fd2b480 elementor-section-boxed elementor-section-height-default elementor-section-height-default\" data-id=\"6fd2b480\" data-element_type=\"section\" data-e-type=\"section\">\n\t\t\t\t\t\t<div class=\"elementor-container elementor-column-gap-default\">\n\t\t\t\t\t<div class=\"elementor-column elementor-col-100 elementor-top-column elementor-element elementor-element-512b4dad\" data-id=\"512b4dad\" data-element_type=\"column\" data-e-type=\"column\">\n\t\t\t<div class=\"elementor-widget-wrap elementor-element-populated\">\n\t\t\t\t\t\t<div class=\"elementor-element elementor-element-27825ac elementor-widget elementor-widget-heading\" data-id=\"27825ac\" data-element_type=\"widget\" data-e-type=\"widget\" data-widget_type=\"heading.default\">\n\t\t\t\t<div class=\"elementor-widget-container\">\n\t\t\t\t\t<h2 class=\"elementor-heading-title elementor-size-default\">Det med sm\u00e5t<\/h2>\t\t\t\t<\/div>\n\t\t\t\t<\/div>\n\t\t\t\t<div class=\"elementor-element elementor-element-1366954f elementor-widget elementor-widget-heading\" data-id=\"1366954f\" data-element_type=\"widget\" data-e-type=\"widget\" data-widget_type=\"heading.default\">\n\t\t\t\t<div class=\"elementor-widget-container\">\n\t\t\t\t\t<h2 class=\"elementor-heading-title elementor-size-default\"><span style=\"color: var( --e-global-color-primary );font-family: var( --e-global-typography-primary-font-family ), Sans-serif;font-size: var( --e-global-typography-primary-font-size );font-weight: var( --e-global-typography-primary-font-weight );letter-spacing: var( --e-global-typography-primary-letter-spacing );text-transform: var( --e-global-typography-primary-text-transform );background-color: var( --e-global-color-17794e9 )\">Salgs- Og Leveringsbetingelser<\/span><\/h2>\t\t\t\t<\/div>\n\t\t\t\t<\/div>\n\t\t\t\t\t<\/div>\n\t\t<\/div>\n\t\t\t\t\t<\/div>\n\t\t<\/section>\n\t\t\t\t<section class=\"elementor-section elementor-top-section elementor-element elementor-element-64b0457 elementor-section-boxed elementor-section-height-default elementor-section-height-default\" data-id=\"64b0457\" data-element_type=\"section\" data-e-type=\"section\">\n\t\t\t\t\t\t<div class=\"elementor-container elementor-column-gap-default\">\n\t\t\t\t\t<div class=\"elementor-column elementor-col-100 elementor-top-column elementor-element elementor-element-0416a5f\" data-id=\"0416a5f\" data-element_type=\"column\" data-e-type=\"column\">\n\t\t\t<div class=\"elementor-widget-wrap elementor-element-populated\">\n\t\t\t\t\t\t<section class=\"elementor-section elementor-inner-section elementor-element elementor-element-79075880 elementor-section-height-min-height elementor-section-boxed elementor-section-height-default\" data-id=\"79075880\" data-element_type=\"section\" data-e-type=\"section\">\n\t\t\t\t\t\t<div class=\"elementor-container elementor-column-gap-default\">\n\t\t\t\t\t<div class=\"elementor-column elementor-col-100 elementor-inner-column elementor-element elementor-element-1b4c6af6\" data-id=\"1b4c6af6\" data-element_type=\"column\" data-e-type=\"column\" data-settings=\"{&quot;background_background&quot;:&quot;classic&quot;}\">\n\t\t\t<div class=\"elementor-widget-wrap elementor-element-populated\">\n\t\t\t\t\t\t<div class=\"elementor-element elementor-element-271815c elementor-widget elementor-widget-spacer\" data-id=\"271815c\" data-element_type=\"widget\" data-e-type=\"widget\" data-widget_type=\"spacer.default\">\n\t\t\t\t<div class=\"elementor-widget-container\">\n\t\t\t\t\t\t\t<div class=\"elementor-spacer\">\n\t\t\t<div class=\"elementor-spacer-inner\"><\/div>\n\t\t<\/div>\n\t\t\t\t\t\t<\/div>\n\t\t\t\t<\/div>\n\t\t\t\t<div class=\"elementor-element elementor-element-f458125 elementor-widget elementor-widget-heading\" data-id=\"f458125\" data-element_type=\"widget\" data-e-type=\"widget\" data-widget_type=\"heading.default\">\n\t\t\t\t<div class=\"elementor-widget-container\">\n\t\t\t\t\t<h2 class=\"elementor-heading-title elementor-size-default\">Dokumentation og vejledning<\/h2>\t\t\t\t<\/div>\n\t\t\t\t<\/div>\n\t\t\t\t<div class=\"elementor-element elementor-element-d99a956 elementor-widget elementor-widget-text-editor\" data-id=\"d99a956\" data-element_type=\"widget\" data-e-type=\"widget\" data-widget_type=\"text-editor.default\">\n\t\t\t\t<div class=\"elementor-widget-container\">\n\t\t\t\t\t\t\t\t\t<p><strong>Hvis der findes produktbeskrivelser og brugervejledninger til varen, f\u00f8lger disse med leverancen fra DK-Sea Safety A\/S.<\/strong><\/p><p><strong>\u00d8nsker du yderligere oplysning eller r\u00e5dgivning fra DK-Sea Safety A\/S side, er denne af vejledende art.<\/strong><\/p>\t\t\t\t\t\t\t\t<\/div>\n\t\t\t\t<\/div>\n\t\t\t\t<div class=\"elementor-element elementor-element-68695cc elementor-widget elementor-widget-spacer\" data-id=\"68695cc\" data-element_type=\"widget\" data-e-type=\"widget\" data-widget_type=\"spacer.default\">\n\t\t\t\t<div class=\"elementor-widget-container\">\n\t\t\t\t\t\t\t<div class=\"elementor-spacer\">\n\t\t\t<div class=\"elementor-spacer-inner\"><\/div>\n\t\t<\/div>\n\t\t\t\t\t\t<\/div>\n\t\t\t\t<\/div>\n\t\t\t\t<div class=\"elementor-element elementor-element-5db92425 elementor-widget elementor-widget-heading\" data-id=\"5db92425\" data-element_type=\"widget\" data-e-type=\"widget\" data-widget_type=\"heading.default\">\n\t\t\t\t<div class=\"elementor-widget-container\">\n\t\t\t\t\t<h2 class=\"elementor-heading-title elementor-size-default\">Leveringstidspunkt og transport<\/h2>\t\t\t\t<\/div>\n\t\t\t\t<\/div>\n\t\t\t\t<div class=\"elementor-element elementor-element-5fe4e72 elementor-widget elementor-widget-text-editor\" data-id=\"5fe4e72\" data-element_type=\"widget\" data-e-type=\"widget\" data-widget_type=\"text-editor.default\">\n\t\t\t\t<div class=\"elementor-widget-container\">\n\t\t\t\t\t\t\t\t\t<p><strong>Levering af varer fra DK-Sea Safety A\/S anses for sket, n\u00e5r k\u00f8ber har f\u00e5et varen udleveret. <\/strong><\/p>\n<p><strong>Forsendelsen af varerne sker efter aftale med k\u00f8ber.<\/strong><\/p>\t\t\t\t\t\t\t\t<\/div>\n\t\t\t\t<\/div>\n\t\t\t\t<div class=\"elementor-element elementor-element-b918455 elementor-widget elementor-widget-spacer\" data-id=\"b918455\" data-element_type=\"widget\" data-e-type=\"widget\" data-widget_type=\"spacer.default\">\n\t\t\t\t<div class=\"elementor-widget-container\">\n\t\t\t\t\t\t\t<div class=\"elementor-spacer\">\n\t\t\t<div class=\"elementor-spacer-inner\"><\/div>\n\t\t<\/div>\n\t\t\t\t\t\t<\/div>\n\t\t\t\t<\/div>\n\t\t\t\t<div class=\"elementor-element elementor-element-798f63e elementor-widget elementor-widget-heading\" data-id=\"798f63e\" data-element_type=\"widget\" data-e-type=\"widget\" data-widget_type=\"heading.default\">\n\t\t\t\t<div class=\"elementor-widget-container\">\n\t\t\t\t\t<h2 class=\"elementor-heading-title elementor-size-default\">Risiko<\/h2>\t\t\t\t<\/div>\n\t\t\t\t<\/div>\n\t\t\t\t<div class=\"elementor-element elementor-element-55eef61 elementor-widget elementor-widget-text-editor\" data-id=\"55eef61\" data-element_type=\"widget\" data-e-type=\"widget\" data-widget_type=\"text-editor.default\">\n\t\t\t\t<div class=\"elementor-widget-container\">\n\t\t\t\t\t\t\t\t\t<p><strong>Risikoen for varer k\u00f8bt af DK-Sea safety A\/S overg\u00e5r til dig som forbruger p\u00e5 leveringstidspunktet.<\/strong><\/p>\t\t\t\t\t\t\t\t<\/div>\n\t\t\t\t<\/div>\n\t\t\t\t<div class=\"elementor-element elementor-element-0eedf2f elementor-widget elementor-widget-spacer\" data-id=\"0eedf2f\" data-element_type=\"widget\" data-e-type=\"widget\" data-widget_type=\"spacer.default\">\n\t\t\t\t<div class=\"elementor-widget-container\">\n\t\t\t\t\t\t\t<div class=\"elementor-spacer\">\n\t\t\t<div class=\"elementor-spacer-inner\"><\/div>\n\t\t<\/div>\n\t\t\t\t\t\t<\/div>\n\t\t\t\t<\/div>\n\t\t\t\t<div class=\"elementor-element elementor-element-5f18f82 elementor-widget elementor-widget-heading\" data-id=\"5f18f82\" data-element_type=\"widget\" data-e-type=\"widget\" data-widget_type=\"heading.default\">\n\t\t\t\t<div class=\"elementor-widget-container\">\n\t\t\t\t\t<h2 class=\"elementor-heading-title elementor-size-default\">Reklamation<\/h2>\t\t\t\t<\/div>\n\t\t\t\t<\/div>\n\t\t\t\t<div class=\"elementor-element elementor-element-be901df elementor-widget elementor-widget-text-editor\" data-id=\"be901df\" data-element_type=\"widget\" data-e-type=\"widget\" data-widget_type=\"text-editor.default\">\n\t\t\t\t<div class=\"elementor-widget-container\">\n\t\t\t\t\t\t\t\t\t<p><strong>Eventuelle fejl eller mangler ved levering fra DK-Sea safety A\/S skal p\u00e5ber\u00e5bes ved modtagelsen af varene. Det en din pligt at angive og p\u00e5 forlangende vise, hvordan fejlen eller manglen ytrer sig.\u00a0<\/strong><\/p><p><strong>Hvis du opdager en fejl, skal du hurtigt rette henvendelse til DK-Sea safety A\/S.<\/strong><\/p><p><strong>Du kan som udgangspunkt kun klage over fejl, der viser sig senest et \u00e5r efter, du har f\u00e5et varen leveret. For varer med begr\u00e6nset holdbarhed, er din klagemulighed afgr\u00e6nset af den holdbarhedsperiode, DK-Seasafety A\/S har stillet dig i udsigt.<\/strong><\/p>\t\t\t\t\t\t\t\t<\/div>\n\t\t\t\t<\/div>\n\t\t\t\t<div class=\"elementor-element elementor-element-39b42f4 elementor-widget elementor-widget-spacer\" data-id=\"39b42f4\" data-element_type=\"widget\" data-e-type=\"widget\" data-widget_type=\"spacer.default\">\n\t\t\t\t<div class=\"elementor-widget-container\">\n\t\t\t\t\t\t\t<div class=\"elementor-spacer\">\n\t\t\t<div class=\"elementor-spacer-inner\"><\/div>\n\t\t<\/div>\n\t\t\t\t\t\t<\/div>\n\t\t\t\t<\/div>\n\t\t\t\t<div class=\"elementor-element elementor-element-7bd9f92 elementor-widget elementor-widget-heading\" data-id=\"7bd9f92\" data-element_type=\"widget\" data-e-type=\"widget\" data-widget_type=\"heading.default\">\n\t\t\t\t<div class=\"elementor-widget-container\">\n\t\t\t\t\t<h2 class=\"elementor-heading-title elementor-size-default\">Pris og betaling<\/h2>\t\t\t\t<\/div>\n\t\t\t\t<\/div>\n\t\t\t\t<div class=\"elementor-element elementor-element-9c17317 elementor-widget elementor-widget-text-editor\" data-id=\"9c17317\" data-element_type=\"widget\" data-e-type=\"widget\" data-widget_type=\"text-editor.default\">\n\t\t\t\t<div class=\"elementor-widget-container\">\n\t\t\t\t\t\t\t\t\t<p><strong>Alle priser som angivet er ex. moms medmindre andet er angivet.<br \/>Alle varer forbliver DK-Sea Safety A\/S ejendom indtil fakturaens fulde bel\u00f8b er betalt.<\/strong><\/p><p><strong>P\u00e5 fakturaen er der angivet bankoplysninger og betalingsfrist.<\/strong><\/p>\t\t\t\t\t\t\t\t<\/div>\n\t\t\t\t<\/div>\n\t\t\t\t<div class=\"elementor-element elementor-element-d2e4318 elementor-widget elementor-widget-spacer\" data-id=\"d2e4318\" data-element_type=\"widget\" data-e-type=\"widget\" data-widget_type=\"spacer.default\">\n\t\t\t\t<div class=\"elementor-widget-container\">\n\t\t\t\t\t\t\t<div class=\"elementor-spacer\">\n\t\t\t<div class=\"elementor-spacer-inner\"><\/div>\n\t\t<\/div>\n\t\t\t\t\t\t<\/div>\n\t\t\t\t<\/div>\n\t\t\t\t<div class=\"elementor-element elementor-element-886a1f5 elementor-widget elementor-widget-heading\" data-id=\"886a1f5\" data-element_type=\"widget\" data-e-type=\"widget\" data-widget_type=\"heading.default\">\n\t\t\t\t<div class=\"elementor-widget-container\">\n\t\t\t\t\t<h2 class=\"elementor-heading-title elementor-size-default\">Ved overskridelse af betalingsfristen<\/h2>\t\t\t\t<\/div>\n\t\t\t\t<\/div>\n\t\t\t\t<div class=\"elementor-element elementor-element-65722f7 elementor-widget elementor-widget-text-editor\" data-id=\"65722f7\" data-element_type=\"widget\" data-e-type=\"widget\" data-widget_type=\"text-editor.default\">\n\t\t\t\t<div class=\"elementor-widget-container\">\n\t\t\t\t\t\t\t\t\t<p><strong>Ved overskridelse af betalingsfristen till\u00e6gges morarenter, svarende til Nationalbankens officielle udl\u00e5nsrente +7%.<\/strong><\/p><p><strong>S\u00e5fremt en del af tidligere leverancer henst\u00e5r som forfalden saldo, \u00e6ndres betalingsbetingelsen til &#8220;netto kontant&#8221;, ensbetydende med at en ny faktura skal betales straks, med mindre der er indg\u00e5et betalingsaftale.<\/strong><\/p><p><strong>S\u00e5fremt betaling ikke modtages rettidigt udsendes 1. rykker.<\/strong><\/p><p><strong>Derefter overgives sagen til DANSK KreditorService A\/S.<\/strong><\/p>\t\t\t\t\t\t\t\t<\/div>\n\t\t\t\t<\/div>\n\t\t\t\t<div class=\"elementor-element elementor-element-211611f elementor-widget elementor-widget-spacer\" data-id=\"211611f\" data-element_type=\"widget\" data-e-type=\"widget\" data-widget_type=\"spacer.default\">\n\t\t\t\t<div class=\"elementor-widget-container\">\n\t\t\t\t\t\t\t<div class=\"elementor-spacer\">\n\t\t\t<div class=\"elementor-spacer-inner\"><\/div>\n\t\t<\/div>\n\t\t\t\t\t\t<\/div>\n\t\t\t\t<\/div>\n\t\t\t\t<div class=\"elementor-element elementor-element-a5638f7 elementor-widget elementor-widget-heading\" data-id=\"a5638f7\" data-element_type=\"widget\" data-e-type=\"widget\" data-widget_type=\"heading.default\">\n\t\t\t\t<div class=\"elementor-widget-container\">\n\t\t\t\t\t<h2 class=\"elementor-heading-title elementor-size-default\">Bytteregler<\/h2>\t\t\t\t<\/div>\n\t\t\t\t<\/div>\n\t\t\t\t<div class=\"elementor-element elementor-element-012fda3 elementor-widget elementor-widget-text-editor\" data-id=\"012fda3\" data-element_type=\"widget\" data-e-type=\"widget\" data-widget_type=\"text-editor.default\">\n\t\t\t\t<div class=\"elementor-widget-container\">\n\t\t\t\t\t\t\t\t\t<p><strong>Vi bytter gerne de k\u00f8bte varer til andre varer, pengene gives ikke retur. Ved bytning bytteregler afholder kunden alle fragtudgifter forbundet derved.<\/strong><\/p><p><strong>Hvis du har eventuelle sp\u00f8rgsm\u00e5l omkring vilk\u00e5r, produkterne mv., er du altid velkommen til at kontakte os.<\/strong><\/p>\t\t\t\t\t\t\t\t<\/div>\n\t\t\t\t<\/div>\n\t\t\t\t<div class=\"elementor-element elementor-element-da3a21b elementor-widget elementor-widget-spacer\" data-id=\"da3a21b\" data-element_type=\"widget\" data-e-type=\"widget\" data-widget_type=\"spacer.default\">\n\t\t\t\t<div class=\"elementor-widget-container\">\n\t\t\t\t\t\t\t<div class=\"elementor-spacer\">\n\t\t\t<div class=\"elementor-spacer-inner\"><\/div>\n\t\t<\/div>\n\t\t\t\t\t\t<\/div>\n\t\t\t\t<\/div>\n\t\t\t\t\t<\/div>\n\t\t<\/div>\n\t\t\t\t\t<\/div>\n\t\t<\/section>\n\t\t\t\t\t<\/div>\n\t\t<\/div>\n\t\t\t\t\t<\/div>\n\t\t<\/section>\n\t\t\t\t<\/div>","protected":false},"excerpt":{"rendered":"<p>Her finder du vores generelle Salgsbetingelser Enkle aftaler Vi g\u00f8r det nemt Nedenst\u00e5ende salgs- og leveringsbetingelser g\u00e6lder for alle leverancer fra DK- Sea Safety A\/S. Betingelserne g\u00e6lder i tilf\u00e6lde, hvor der ikke er indg\u00e5et andre skriftlige aftaler mellem dig som k\u00f8ber og DK-Sea Safety A\/S. Det med sm\u00e5t Salgs- Og Leveringsbetingelser Dokumentation og vejledning Hvis [&hellip;]<\/p>\n","protected":false},"author":9453,"featured_media":0,"parent":0,"menu_order":0,"comment_status":"closed","ping_status":"closed","template":"elementor_header_footer","meta":{"footnotes":""},"class_list":["post-832","page","type-page","status-publish","hentry"],"_links":{"self":[{"href":"https:\/\/www.dk-seasafety.com\/en\/wp-json\/wp\/v2\/pages\/832","targetHints":{"allow":["GET"]}}],"collection":[{"href":"https:\/\/www.dk-seasafety.com\/en\/wp-json\/wp\/v2\/pages"}],"about":[{"href":"https:\/\/www.dk-seasafety.com\/en\/wp-json\/wp\/v2\/types\/page"}],"author":[{"embeddable":true,"href":"https:\/\/www.dk-seasafety.com\/en\/wp-json\/wp\/v2\/users\/9453"}],"replies":[{"embeddable":true,"href":"https:\/\/www.dk-seasafety.com\/en\/wp-json\/wp\/v2\/comments?post=832"}],"version-history":[{"count":25,"href":"https:\/\/www.dk-seasafety.com\/en\/wp-json\/wp\/v2\/pages\/832\/revisions"}],"predecessor-version":[{"id":6440,"href":"https:\/\/www.dk-seasafety.com\/en\/wp-json\/wp\/v2\/pages\/832\/revisions\/6440"}],"wp:attachment":[{"href":"https:\/\/www.dk-seasafety.com\/en\/wp-json\/wp\/v2\/media?parent=832"}],"curies":[{"name":"wp","href":"https:\/\/api.w.org\/{rel}","templated":true}]}}